{"id":281,"date":"2024-01-14T13:56:37","date_gmt":"2024-01-14T12:56:37","guid":{"rendered":"https:\/?page_id=281"},"modified":"2024-02-13T19:32:42","modified_gmt":"2024-02-13T18:32:42","slug":"blog","status":"publish","type":"page","link":"https:\/\/guerreroesteban.com\/en\/blog\/","title":{"rendered":"Blog"},"content":{"rendered":"<div data-elementor-type=\"wp-page\" data-elementor-id=\"281\" class=\"elementor elementor-281\" data-elementor-post-type=\"page\">\n\t\t\t\t\t\t<section data-particle_enable=\"false\" data-particle-mobile-disabled=\"false\" class=\"elementor-section elementor-top-section elementor-element elementor-element-26b4ebb8 elementor-section-boxed elementor-section-height-default elementor-section-height-default e-parent\" data-id=\"26b4ebb8\" data-element_type=\"section\" data-settings=\"{&quot;background_background&quot;:&quot;classic&quot;}\">\n\t\t\t\t\t\t<div class=\"elementor-container elementor-column-gap-default\">\n\t\t\t\t\t<div class=\"elementor-column elementor-col-100 elementor-top-column elementor-element elementor-element-454f4bbf lakit-col-width-auto-no\" data-id=\"454f4bbf\" data-element_type=\"column\">\n\t\t\t<div class=\"elementor-widget-wrap elementor-element-populated\">\n\t\t\t\t\t\t<div class=\"elementor-element elementor-element-22b92bcf elementor-widget elementor-widget-heading\" data-id=\"22b92bcf\" data-element_type=\"widget\" data-widget_type=\"heading.default\">\n\t\t\t\t<div class=\"elementor-widget-container\">\n\t\t\t\t\t<h1 class=\"elementor-heading-title elementor-size-default\">Our Blog<\/h1>\t\t\t\t<\/div>\n\t\t\t\t<\/div>\n\t\t\t\t\t<\/div>\n\t\t<\/div>\n\t\t\t\t\t<\/div>\n\t\t<\/section>\n\t\t\t\t<section data-particle_enable=\"false\" data-particle-mobile-disabled=\"false\" class=\"elementor-section elementor-top-section elementor-element elementor-element-769a9a60 elementor-section-boxed elementor-section-height-default elementor-section-height-default e-parent\" data-id=\"769a9a60\" data-element_type=\"section\" data-settings=\"{&quot;background_background&quot;:&quot;classic&quot;}\">\n\t\t\t\t\t\t<div class=\"elementor-container elementor-column-gap-default\">\n\t\t\t\t\t<div class=\"elementor-column elementor-col-100 elementor-top-column elementor-element elementor-element-4b9c9871 lakit-col-width-auto-no\" data-id=\"4b9c9871\" data-element_type=\"column\">\n\t\t\t<div class=\"elementor-widget-wrap elementor-element-populated\">\n\t\t\t\t\t\t<div class=\"elementor-element elementor-element-24239aca elementor-widget elementor-widget-elementskit-blog-posts\" data-id=\"24239aca\" data-element_type=\"widget\" data-widget_type=\"elementskit-blog-posts.default\">\n\t\t\t\t<div class=\"elementor-widget-container\">\n\t\t\t\t\t<div class=\"ekit-wid-con\" >        <div id=\"post-items--24239aca\" class=\"row post-items\" data-masonry-config=\"true\">\n                    <div class=\"col-lg-6 col-md-6\">\n\n                                    <div class=\"elementskit-post-image-card\">\n                        <div class=\"elementskit-entry-header\">\n                                                            <a href=\"https:\/\/guerreroesteban.com\/en\/blog\/novedades-fiscales-para-2025\/\" class=\"elementskit-entry-thumb\">\n                                    <img decoding=\"async\" src=\"https:\/\/guerreroesteban.com\/wp-content\/uploads\/2025\/06\/modelo-de-formulario-de-impuesto-sobre-la-renta-de-las-personas-fisicas-para-empleadores-y-profesionales-scaled.webp\" alt=\"Novedades fiscales para 2025\">\n                                <\/a><!-- .elementskit-entry-thumb END -->\n                                                            \n                            \n\t\t\t\t\t\t\t\t\t\t\t\t\t<\/div><!-- .elementskit-entry-header END -->\n\n\t\t\t\t\t\t<div class=\"elementskit-post-body\">\n\t\t\t\t\t\t\t\n\t\t\t\t\t\t\t\t\t\t\t\t\t\t\t\t\t\t\t\t\t\t\t\t\t\n\t\t\t\t\t\t\t\t\n\t\t\t\t\t\t\t\t\t\t\t\t\t\t\t\t\t\t\t\t\t<h2 class=\"entry-title\">\n\t\t\t\t\t<a href=\"https:\/\/guerreroesteban.com\/en\/blog\/novedades-fiscales-para-2025\/\">\n\t\t\t\t\t\tNovedades fiscales para 2025\t\t\t\t\t<\/a>\n\t\t\t\t<\/h2>\n\t\t\t\t\t\t\t\t\t\t\t\t\t\t\t\t\t\t\t\t\t\t\t\t\t\t\t\t\t\t\t\t\t\t\t\t\t\t\t\t\t\t<p>Las novedades fiscales para 2025 incluyen importantes cambios en el Impuesto sobre Sociedades, el IRPF y la introducci\u00f3n&hellip;<\/p>\n\t\t\t\t\t\t\t\t\t\t\t\t\t\t\t\t\t\t\t\t\t\t                                                            <div class=\"btn-wraper\">\n                                    \n                                                                            <a class=\"elementskit-btn whitespace--normal\" id=\"\" href=\"https:\/\/guerreroesteban.com\/en\/blog\/novedades-fiscales-para-2025\/\">\n                                        \t                                            Read More                                        <\/a>\n                                                                    <\/div>\n                                                    <\/div><!-- .elementskit-post-body END -->\n                    <\/div>\n                \n            <\/div>\n                    <div class=\"col-lg-6 col-md-6\">\n\n                                    <div class=\"elementskit-post-image-card\">\n                        <div class=\"elementskit-entry-header\">\n                                                            <a href=\"https:\/\/guerreroesteban.com\/en\/blog\/como-elegir-la-forma-juridica-adecuada-para-tu-negocio\/\" class=\"elementskit-entry-thumb\">\n                                    <img decoding=\"async\" src=\"https:\/\/guerreroesteban.com\/wp-content\/uploads\/2024\/08\/mejor-forma-juridica-de-la-empresa.webp\" alt=\"C\u00f3mo Elegir la Forma Jur\u00eddica Adecuada para tu Negocio\">\n                                <\/a><!-- .elementskit-entry-thumb END -->\n                                                            \n                            \n\t\t\t\t\t\t\t\t\t\t\t\t\t<\/div><!-- .elementskit-entry-header END -->\n\n\t\t\t\t\t\t<div class=\"elementskit-post-body\">\n\t\t\t\t\t\t\t\n\t\t\t\t\t\t\t\t\t\t\t\t\t\t\t\t\t\t\t\t\t\t\t\t\t\n\t\t\t\t\t\t\t\t\n\t\t\t\t\t\t\t\t\t\t\t\t\t\t\t\t\t\t\t\t\t<h2 class=\"entry-title\">\n\t\t\t\t\t<a href=\"https:\/\/guerreroesteban.com\/en\/blog\/como-elegir-la-forma-juridica-adecuada-para-tu-negocio\/\">\n\t\t\t\t\t\tC\u00f3mo Elegir la Forma Jur\u00eddica Adecuada para tu&hellip;\t\t\t\t\t<\/a>\n\t\t\t\t<\/h2>\n\t\t\t\t\t\t\t\t\t\t\t\t\t\t\t\t\t\t\t\t\t\t\t\t\t\t\t\t\t\t\t\t\t\t\t\t\t\t\t\t\t\t<p>Cuando decides iniciar un negocio, uno de los pasos m\u00e1s importantes es elegir la forma jur\u00eddica que adoptar\u00e1&hellip;<\/p>\n\t\t\t\t\t\t\t\t\t\t\t\t\t\t\t\t\t\t\t\t\t\t                                                            <div class=\"btn-wraper\">\n                                    \n                                                                            <a class=\"elementskit-btn whitespace--normal\" id=\"\" href=\"https:\/\/guerreroesteban.com\/en\/blog\/como-elegir-la-forma-juridica-adecuada-para-tu-negocio\/\">\n                                        \t                                            Read More                                        <\/a>\n                                                                    <\/div>\n                                                    <\/div><!-- .elementskit-post-body END -->\n                    <\/div>\n                \n            <\/div>\n                    <div class=\"col-lg-6 col-md-6\">\n\n                                    <div class=\"elementskit-post-image-card\">\n                        <div class=\"elementskit-entry-header\">\n                                                            <a href=\"https:\/\/guerreroesteban.com\/en\/blog\/subvenciones-para-montar-un-negocio-en-andalucia\/\" class=\"elementskit-entry-thumb\">\n                                    <img decoding=\"async\" src=\"https:\/\/guerreroesteban.com\/wp-content\/uploads\/2024\/07\/subvenciones-negocio-andalucia.webp\" alt=\"Subvenciones para Montar un Negocio en Andaluc\u00eda\">\n                                <\/a><!-- .elementskit-entry-thumb END -->\n                                                            \n                            \n\t\t\t\t\t\t\t\t\t\t\t\t\t<\/div><!-- .elementskit-entry-header END -->\n\n\t\t\t\t\t\t<div class=\"elementskit-post-body\">\n\t\t\t\t\t\t\t\n\t\t\t\t\t\t\t\t\t\t\t\t\t\t\t\t\t\t\t\t\t\t\t\t\t\n\t\t\t\t\t\t\t\t\n\t\t\t\t\t\t\t\t\t\t\t\t\t\t\t\t\t\t\t\t\t<h2 class=\"entry-title\">\n\t\t\t\t\t<a href=\"https:\/\/guerreroesteban.com\/en\/blog\/subvenciones-para-montar-un-negocio-en-andalucia\/\">\n\t\t\t\t\t\tSubvenciones para Montar un Negocio en Andaluc\u00eda\t\t\t\t\t<\/a>\n\t\t\t\t<\/h2>\n\t\t\t\t\t\t\t\t\t\t\t\t\t\t\t\t\t\t\t\t\t\t\t\t\t\t\t\t\t\t\t\t\t\t\t\t\t\t\t\t\t\t<p>Introducci\u00f3n a las Subvenciones para Negocios en Andaluc\u00eda Montar un negocio en Andaluc\u00eda puede ser una aventura emocionante&hellip;<\/p>\n\t\t\t\t\t\t\t\t\t\t\t\t\t\t\t\t\t\t\t\t\t\t                                                            <div class=\"btn-wraper\">\n                                    \n                                                                            <a class=\"elementskit-btn whitespace--normal\" id=\"\" href=\"https:\/\/guerreroesteban.com\/en\/blog\/subvenciones-para-montar-un-negocio-en-andalucia\/\">\n                                        \t                                            Read More                                        <\/a>\n                                                                    <\/div>\n                                                    <\/div><!-- .elementskit-post-body END -->\n                    <\/div>\n                \n            <\/div>\n                    <div class=\"col-lg-6 col-md-6\">\n\n                                    <div class=\"elementskit-post-image-card\">\n                        <div class=\"elementskit-entry-header\">\n                                                            <a href=\"https:\/\/guerreroesteban.com\/en\/blog\/presentacion-del-modelo-720\/\" class=\"elementskit-entry-thumb\">\n                                    <img decoding=\"async\" src=\"https:\/\/guerreroesteban.com\/wp-content\/uploads\/2024\/06\/DALL\u00b7E-2024-06-12-10.34.16-A-professional-scene-showing-a-financial-advisor-in-an-office-setting-helping-a-client-with-paperwork.-There-are-visible-documents-labeled-Modelo-72.webp\" alt=\"Presentation of the Model 720\">\n                                <\/a><!-- .elementskit-entry-thumb END -->\n                                                            \n                            \n\t\t\t\t\t\t\t\t\t\t\t\t\t<\/div><!-- .elementskit-entry-header END -->\n\n\t\t\t\t\t\t<div class=\"elementskit-post-body\">\n\t\t\t\t\t\t\t\n\t\t\t\t\t\t\t\t\t\t\t\t\t\t\t\t\t\t\t\t\t\t\t\t\t\n\t\t\t\t\t\t\t\t\n\t\t\t\t\t\t\t\t\t\t\t\t\t\t\t\t\t\t\t\t\t<h2 class=\"entry-title\">\n\t\t\t\t\t<a href=\"https:\/\/guerreroesteban.com\/en\/blog\/presentacion-del-modelo-720\/\">\n\t\t\t\t\t\tPresentation of the Model 720\t\t\t\t\t<\/a>\n\t\t\t\t<\/h2>\n\t\t\t\t\t\t\t\t\t\t\t\t\t\t\t\t\t\t\t\t\t\t\t\t\t\t\t\t\t\t\t\t\t\t\t\t\t\t\t\t\t\t<p>En Guerrero Esteban, entendemos la importancia de cumplir con las obligaciones fiscales y estamos aqu\u00ed para ayudarte a&hellip;<\/p>\n\t\t\t\t\t\t\t\t\t\t\t\t\t\t\t\t\t\t\t\t\t\t                                                            <div class=\"btn-wraper\">\n                                    \n                                                                            <a class=\"elementskit-btn whitespace--normal\" id=\"\" href=\"https:\/\/guerreroesteban.com\/en\/blog\/presentacion-del-modelo-720\/\">\n                                        \t                                            Read More                                        <\/a>\n                                                                    <\/div>\n                                                    <\/div><!-- .elementskit-post-body END -->\n                    <\/div>\n                \n            <\/div>\n                    <div class=\"col-lg-6 col-md-6\">\n\n                                    <div class=\"elementskit-post-image-card\">\n                        <div class=\"elementskit-entry-header\">\n                                                            <a href=\"https:\/\/guerreroesteban.com\/en\/blog\/cash-flow-optimization-business-finance\/\" class=\"elementskit-entry-thumb\">\n                                    <img decoding=\"async\" src=\"https:\/\/guerreroesteban.com\/wp-content\/uploads\/2024\/05\/DALL\u00b7E-2024-05-29-17.44.40-A-detailed-and-realistic-image-illustrating-cash-flow-management-for-a-small-business.-The-image-shows-a-workspace-with-a-laptop-displaying-a-cash-flo.webp\" alt=\"Cash flow: the Complete Guide to Optimizing Business Finance\">\n                                <\/a><!-- .elementskit-entry-thumb END -->\n                                                            \n                            \n\t\t\t\t\t\t\t\t\t\t\t\t\t<\/div><!-- .elementskit-entry-header END -->\n\n\t\t\t\t\t\t<div class=\"elementskit-post-body\">\n\t\t\t\t\t\t\t\n\t\t\t\t\t\t\t\t\t\t\t\t\t\t\t\t\t\t\t\t\t\t\t\t\t\n\t\t\t\t\t\t\t\t\n\t\t\t\t\t\t\t\t\t\t\t\t\t\t\t\t\t\t\t\t\t<h2 class=\"entry-title\">\n\t\t\t\t\t<a href=\"https:\/\/guerreroesteban.com\/en\/blog\/cash-flow-optimization-business-finance\/\">\n\t\t\t\t\t\tFlujo de caja: Gu\u00eda Completa para Optimizar las&hellip;\t\t\t\t\t<\/a>\n\t\t\t\t<\/h2>\n\t\t\t\t\t\t\t\t\t\t\t\t\t\t\t\t\t\t\t\t\t\t\t\t\t\t\t\t\t\t\t\t\t\t\t\t\t\t\t\t\t\t<p>El flujo de caja es una m\u00e9trica crucial para evaluar la salud financiera de una empresa. Se refiere&hellip;<\/p>\n\t\t\t\t\t\t\t\t\t\t\t\t\t\t\t\t\t\t\t\t\t\t                                                            <div class=\"btn-wraper\">\n                                    \n                                                                            <a class=\"elementskit-btn whitespace--normal\" id=\"\" href=\"https:\/\/guerreroesteban.com\/en\/blog\/cash-flow-optimization-business-finance\/\">\n                                        \t                                            Read More                                        <\/a>\n                                                                    <\/div>\n                                                    <\/div><!-- .elementskit-post-body END -->\n                    <\/div>\n                \n            <\/div>\n                    <div class=\"col-lg-6 col-md-6\">\n\n                                    <div class=\"elementskit-post-image-card\">\n                        <div class=\"elementskit-entry-header\">\n                                                            <a href=\"https:\/\/guerreroesteban.com\/en\/blog\/salario-minimo-interprofesional-2024\/\" class=\"elementskit-entry-thumb\">\n                                    <img decoding=\"async\" src=\"https:\/\/guerreroesteban.com\/wp-content\/uploads\/2024\/03\/smi-2024.webp\" alt=\"Everything you need to know about the Minimum Interprofessional Salary (SMI) in 2024\">\n                                <\/a><!-- .elementskit-entry-thumb END -->\n                                                            \n                            \n\t\t\t\t\t\t\t\t\t\t\t\t\t<\/div><!-- .elementskit-entry-header END -->\n\n\t\t\t\t\t\t<div class=\"elementskit-post-body\">\n\t\t\t\t\t\t\t\n\t\t\t\t\t\t\t\t\t\t\t\t\t\t\t\t\t\t\t\t\t\t\t\t\t\n\t\t\t\t\t\t\t\t\n\t\t\t\t\t\t\t\t\t\t\t\t\t\t\t\t\t\t\t\t\t<h2 class=\"entry-title\">\n\t\t\t\t\t<a href=\"https:\/\/guerreroesteban.com\/en\/blog\/salario-minimo-interprofesional-2024\/\">\n\t\t\t\t\t\tEverything you need to know about the Salary...\t\t\t\t\t<\/a>\n\t\t\t\t<\/h2>\n\t\t\t\t\t\t\t\t\t\t\t\t\t\t\t\t\t\t\t\t\t\t\t\t\t\t\t\t\t\t\t\t\t\t\t\t\t\t\t\t\t\t<p>There are so many business changes with respect to the scope of work, the laws are in constant evaluation and...<\/p>\n\t\t\t\t\t\t\t\t\t\t\t\t\t\t\t\t\t\t\t\t\t\t                                                            <div class=\"btn-wraper\">\n                                    \n                                                                            <a class=\"elementskit-btn whitespace--normal\" id=\"\" href=\"https:\/\/guerreroesteban.com\/en\/blog\/salario-minimo-interprofesional-2024\/\">\n                                        \t                                            Read More                                        <\/a>\n                                                                    <\/div>\n                                                    <\/div><!-- .elementskit-post-body END -->\n                    <\/div>\n                \n            <\/div>\n                <\/div>\n       <\/div>\t\t\t\t<\/div>\n\t\t\t\t<\/div>\n\t\t\t\t\t<\/div>\n\t\t<\/div>\n\t\t\t\t\t<\/div>\n\t\t<\/section>\n\t\t\t\t<\/div>","protected":false},"excerpt":{"rendered":"<p>Nuestro Blog Pasos para darte de alta como emprendedor de&hellip; En el din\u00e1mico mundo empresarial de hoy, convertirse en un emprendedor de responsabilidad limitada es una opci\u00f3n atractiva&hellip; Leer M\u00e1s An\u00e1lisis T\u00e9cnico sobre las Deducciones Fiscales por Inversiones&hellip; La normativa tributaria espa\u00f1ola contempla una serie de incentivos fiscales dise\u00f1ados para fomentar la inversi\u00f3n en el [&hellip;]<\/p>","protected":false},"author":1,"featured_media":0,"parent":0,"menu_order":0,"comment_status":"closed","ping_status":"closed","template":"elementor_header_footer","meta":{"iawp_total_views":74,"_joinchat":[],"footnotes":""},"class_list":["post-281","page","type-page","status-publish","hentry"],"yoast_head":"<!-- This site is optimized with the Yoast SEO plugin v26.4 - https:\/\/yoast.com\/wordpress\/plugins\/seo\/ -->\n<title>Blog | Guerrero Esteban Asesores<\/title>\n<meta name=\"robots\" content=\"index, follow, max-snippet:-1, max-image-preview:large, max-video-preview:-1\" \/>\n<link rel=\"canonical\" href=\"https:\/\/guerreroesteban.com\/en\/blog\/\" \/>\n<meta property=\"og:locale\" content=\"en_GB\" \/>\n<meta property=\"og:type\" content=\"article\" \/>\n<meta property=\"og:title\" content=\"Blog | Guerrero Esteban Asesores\" \/>\n<meta property=\"og:description\" content=\"Nuestro Blog Pasos para darte de alta como emprendedor de&hellip; En el din\u00e1mico mundo empresarial de hoy, convertirse en un emprendedor de responsabilidad limitada es una opci\u00f3n atractiva&hellip; Leer M\u00e1s An\u00e1lisis T\u00e9cnico sobre las Deducciones Fiscales por Inversiones&hellip; La normativa tributaria espa\u00f1ola contempla una serie de incentivos fiscales dise\u00f1ados para fomentar la inversi\u00f3n en el [&hellip;]\" \/>\n<meta property=\"og:url\" content=\"https:\/\/guerreroesteban.com\/en\/blog\/\" \/>\n<meta property=\"og:site_name\" content=\"Guerrero Esteban Asesores\" \/>\n<meta property=\"article:modified_time\" content=\"2024-02-13T18:32:42+00:00\" \/>\n<meta property=\"og:image\" content=\"https:\/\/guerreroesteban.com\/wp-content\/uploads\/2024\/01\/a4464e1c-5121-4e7b-b34f-e7cef6f9adb6.webp\" \/>\n\t<meta property=\"og:image:width\" content=\"450\" \/>\n\t<meta property=\"og:image:height\" content=\"276\" \/>\n\t<meta property=\"og:image:type\" content=\"image\/webp\" \/>\n<meta name=\"twitter:card\" content=\"summary_large_image\" \/>\n<meta name=\"twitter:label1\" content=\"Estimated reading time\" \/>\n\t<meta name=\"twitter:data1\" content=\"1 minute\" \/>\n<script type=\"application\/ld+json\" class=\"yoast-schema-graph\">{\"@context\":\"https:\/\/schema.org\",\"@graph\":[{\"@type\":\"WebPage\",\"@id\":\"https:\/\/guerreroesteban.com\/blog\/\",\"url\":\"https:\/\/guerreroesteban.com\/blog\/\",\"name\":\"Blog | Guerrero Esteban Asesores\",\"isPartOf\":{\"@id\":\"https:\/\/guerreroesteban.com\/#website\"},\"datePublished\":\"2024-01-14T12:56:37+00:00\",\"dateModified\":\"2024-02-13T18:32:42+00:00\",\"breadcrumb\":{\"@id\":\"https:\/\/guerreroesteban.com\/blog\/#breadcrumb\"},\"inLanguage\":\"en-GB\",\"potentialAction\":[{\"@type\":\"ReadAction\",\"target\":[\"https:\/\/guerreroesteban.com\/blog\/\"]}]},{\"@type\":\"BreadcrumbList\",\"@id\":\"https:\/\/guerreroesteban.com\/blog\/#breadcrumb\",\"itemListElement\":[{\"@type\":\"ListItem\",\"position\":1,\"name\":\"Portada\",\"item\":\"https:\/\/guerreroesteban.com\/\"},{\"@type\":\"ListItem\",\"position\":2,\"name\":\"Blog\"}]},{\"@type\":\"WebSite\",\"@id\":\"https:\/\/guerreroesteban.com\/#website\",\"url\":\"https:\/\/guerreroesteban.com\/\",\"name\":\"Guerrero Esteban Asesores\",\"description\":\"\",\"publisher\":{\"@id\":\"https:\/\/guerreroesteban.com\/#organization\"},\"potentialAction\":[{\"@type\":\"SearchAction\",\"target\":{\"@type\":\"EntryPoint\",\"urlTemplate\":\"https:\/\/guerreroesteban.com\/?s={search_term_string}\"},\"query-input\":{\"@type\":\"PropertyValueSpecification\",\"valueRequired\":true,\"valueName\":\"search_term_string\"}}],\"inLanguage\":\"en-GB\"},{\"@type\":\"Organization\",\"@id\":\"https:\/\/guerreroesteban.com\/#organization\",\"name\":\"Guerrero Esteban Asesores\",\"url\":\"https:\/\/guerreroesteban.com\/\",\"logo\":{\"@type\":\"ImageObject\",\"inLanguage\":\"en-GB\",\"@id\":\"https:\/\/guerreroesteban.com\/#\/schema\/logo\/image\/\",\"url\":\"https:\/\/guerreroesteban.com\/wp-content\/uploads\/2024\/01\/a4464e1c-5121-4e7b-b34f-e7cef6f9adb6.webp\",\"contentUrl\":\"https:\/\/guerreroesteban.com\/wp-content\/uploads\/2024\/01\/a4464e1c-5121-4e7b-b34f-e7cef6f9adb6.webp\",\"width\":450,\"height\":276,\"caption\":\"Guerrero Esteban Asesores\"},\"image\":{\"@id\":\"https:\/\/guerreroesteban.com\/#\/schema\/logo\/image\/\"}}]}<\/script>\n<!-- \/ Yoast SEO plugin. -->","yoast_head_json":{"title":"Blog | Guerrero Esteban Asesores","robots":{"index":"index","follow":"follow","max-snippet":"max-snippet:-1","max-image-preview":"max-image-preview:large","max-video-preview":"max-video-preview:-1"},"canonical":"https:\/\/guerreroesteban.com\/en\/blog\/","og_locale":"en_GB","og_type":"article","og_title":"Blog | Guerrero Esteban Asesores","og_description":"Nuestro Blog Pasos para darte de alta como emprendedor de&hellip; En el din\u00e1mico mundo empresarial de hoy, convertirse en un emprendedor de responsabilidad limitada es una opci\u00f3n atractiva&hellip; Leer M\u00e1s An\u00e1lisis T\u00e9cnico sobre las Deducciones Fiscales por Inversiones&hellip; La normativa tributaria espa\u00f1ola contempla una serie de incentivos fiscales dise\u00f1ados para fomentar la inversi\u00f3n en el [&hellip;]","og_url":"https:\/\/guerreroesteban.com\/en\/blog\/","og_site_name":"Guerrero Esteban Asesores","article_modified_time":"2024-02-13T18:32:42+00:00","og_image":[{"width":450,"height":276,"url":"https:\/\/guerreroesteban.com\/wp-content\/uploads\/2024\/01\/a4464e1c-5121-4e7b-b34f-e7cef6f9adb6.webp","type":"image\/webp"}],"twitter_card":"summary_large_image","twitter_misc":{"Estimated reading time":"1 minute"},"schema":{"@context":"https:\/\/schema.org","@graph":[{"@type":"WebPage","@id":"https:\/\/guerreroesteban.com\/blog\/","url":"https:\/\/guerreroesteban.com\/blog\/","name":"Blog | Guerrero Esteban Asesores","isPartOf":{"@id":"https:\/\/guerreroesteban.com\/#website"},"datePublished":"2024-01-14T12:56:37+00:00","dateModified":"2024-02-13T18:32:42+00:00","breadcrumb":{"@id":"https:\/\/guerreroesteban.com\/blog\/#breadcrumb"},"inLanguage":"en-GB","potentialAction":[{"@type":"ReadAction","target":["https:\/\/guerreroesteban.com\/blog\/"]}]},{"@type":"BreadcrumbList","@id":"https:\/\/guerreroesteban.com\/blog\/#breadcrumb","itemListElement":[{"@type":"ListItem","position":1,"name":"Portada","item":"https:\/\/guerreroesteban.com\/"},{"@type":"ListItem","position":2,"name":"Blog"}]},{"@type":"WebSite","@id":"https:\/\/guerreroesteban.com\/#website","url":"https:\/\/guerreroesteban.com\/","name":"Guerrero Esteban Asesores","description":"","publisher":{"@id":"https:\/\/guerreroesteban.com\/#organization"},"potentialAction":[{"@type":"SearchAction","target":{"@type":"EntryPoint","urlTemplate":"https:\/\/guerreroesteban.com\/?s={search_term_string}"},"query-input":{"@type":"PropertyValueSpecification","valueRequired":true,"valueName":"search_term_string"}}],"inLanguage":"en-GB"},{"@type":"Organization","@id":"https:\/\/guerreroesteban.com\/#organization","name":"Guerrero Esteban Asesores","url":"https:\/\/guerreroesteban.com\/","logo":{"@type":"ImageObject","inLanguage":"en-GB","@id":"https:\/\/guerreroesteban.com\/#\/schema\/logo\/image\/","url":"https:\/\/guerreroesteban.com\/wp-content\/uploads\/2024\/01\/a4464e1c-5121-4e7b-b34f-e7cef6f9adb6.webp","contentUrl":"https:\/\/guerreroesteban.com\/wp-content\/uploads\/2024\/01\/a4464e1c-5121-4e7b-b34f-e7cef6f9adb6.webp","width":450,"height":276,"caption":"Guerrero Esteban Asesores"},"image":{"@id":"https:\/\/guerreroesteban.com\/#\/schema\/logo\/image\/"}}]}},"_links":{"self":[{"href":"https:\/\/guerreroesteban.com\/en\/wp-json\/wp\/v2\/pages\/281","targetHints":{"allow":["GET"]}}],"collection":[{"href":"https:\/\/guerreroesteban.com\/en\/wp-json\/wp\/v2\/pages"}],"about":[{"href":"https:\/\/guerreroesteban.com\/en\/wp-json\/wp\/v2\/types\/page"}],"author":[{"embeddable":true,"href":"https:\/\/guerreroesteban.com\/en\/wp-json\/wp\/v2\/users\/1"}],"replies":[{"embeddable":true,"href":"https:\/\/guerreroesteban.com\/en\/wp-json\/wp\/v2\/comments?post=281"}],"version-history":[{"count":5,"href":"https:\/\/guerreroesteban.com\/en\/wp-json\/wp\/v2\/pages\/281\/revisions"}],"predecessor-version":[{"id":2631,"href":"https:\/\/guerreroesteban.com\/en\/wp-json\/wp\/v2\/pages\/281\/revisions\/2631"}],"wp:attachment":[{"href":"https:\/\/guerreroesteban.com\/en\/wp-json\/wp\/v2\/media?parent=281"}],"curies":[{"name":"wp","href":"https:\/\/api.w.org\/{rel}","templated":true}]}}